{"id":432,"date":"2019-10-05T15:05:23","date_gmt":"2019-10-05T13:05:23","guid":{"rendered":"http:\/\/vomweb.ch\/pr\/?page_id=432"},"modified":"2025-11-24T12:13:52","modified_gmt":"2025-11-24T11:13:52","slug":"beitrittsgesuch","status":"publish","type":"page","link":"https:\/\/pentagon-riders.ch\/?page_id=432","title":{"rendered":"Beitrittsgesuch"},"content":{"rendered":"\t\t<div data-elementor-type=\"wp-page\" data-elementor-id=\"432\" class=\"elementor elementor-432\">\n\t\t\t\t\t\t<section class=\"elementor-section elementor-top-section elementor-element elementor-element-cdeed82 elementor-section-boxed elementor-section-height-default elementor-section-height-default\" data-id=\"cdeed82\" data-element_type=\"section\" data-e-type=\"section\">\n\t\t\t\t\t\t<div class=\"elementor-container elementor-column-gap-default\">\n\t\t\t\t\t<div class=\"elementor-column elementor-col-100 elementor-top-column elementor-element elementor-element-886ab89\" data-id=\"886ab89\" data-element_type=\"column\" data-e-type=\"column\">\n\t\t\t<div class=\"elementor-widget-wrap elementor-element-populated\">\n\t\t\t\t\t\t<div class=\"elementor-element elementor-element-d24a865 elementor-widget elementor-widget-text-editor\" data-id=\"d24a865\" data-element_type=\"widget\" data-e-type=\"widget\" data-widget_type=\"text-editor.default\">\n\t\t\t\t<div class=\"elementor-widget-container\">\n\t\t\t\t\t\t\t\t\t<h4>Ich m\u00f6chte gerne den Pentagon Riders beitreten und habe <a href=\"https:\/\/pentagon-riders.ch\/?page_id=380\"><span style=\"text-decoration: underline;\">die Bedingungen zu Mitgliedschaft und Beitritt im Kodex<\/span><\/a> gelesen und verstanden.<\/h4><h4>Ein Bild von mir und meiner Maschine (im Format .jpg und in der Gr\u00f6sse min. 1024&#215;786 px bei einer Aufl\u00f6sung von 72 ppi) werde ich so bald als m\u00f6glich an die Adresse info@pentagon-riders.ch senden.<\/h4>\t\t\t\t\t\t\t\t<\/div>\n\t\t\t\t<\/div>\n\t\t\t\t\t<\/div>\n\t\t<\/div>\n\t\t\t\t\t<\/div>\n\t\t<\/section>\n\t\t\t\t<section class=\"elementor-section elementor-top-section elementor-element elementor-element-1814c2d elementor-section-boxed elementor-section-height-default elementor-section-height-default\" data-id=\"1814c2d\" data-element_type=\"section\" data-e-type=\"section\">\n\t\t\t\t\t\t<div class=\"elementor-container elementor-column-gap-default\">\n\t\t\t\t\t<div class=\"elementor-column elementor-col-100 elementor-top-column elementor-element elementor-element-46863fe\" data-id=\"46863fe\" data-element_type=\"column\" data-e-type=\"column\">\n\t\t\t<div class=\"elementor-widget-wrap elementor-element-populated\">\n\t\t\t\t\t\t<div class=\"elementor-element elementor-element-53d1aa9 elementor-widget elementor-widget-wp-widget-forminator_widget\" data-id=\"53d1aa9\" data-element_type=\"widget\" data-e-type=\"widget\" data-widget_type=\"wp-widget-forminator_widget.default\">\n\t\t\t\t<div class=\"elementor-widget-container\">\n\t\t\t\t\t<div class=\"forminator-ui forminator-custom-form forminator-custom-form-6789 forminator-design--default  forminator_ajax\" data-forminator-render=\"0\" data-form=\"forminator-module-6789\" data-uid=\"69f27a8572c4f\"><br\/><\/div><form\n\t\t\t\tid=\"forminator-module-6789\"\n\t\t\t\tclass=\"forminator-ui forminator-custom-form forminator-custom-form-6789 forminator-design--default  forminator_ajax\"\n\t\t\t\tmethod=\"post\"\n\t\t\t\tdata-forminator-render=\"0\"\n\t\t\t\tdata-form-id=\"6789\"\n\t\t\t\t data-color-option=\"theme\" data-design=\"default\" data-grid=\"open\" style=\"display: none;\"\n\t\t\t\tdata-uid=\"69f27a8572c4f\"\n\t\t\t><div role=\"alert\" aria-live=\"polite\" class=\"forminator-response-message forminator-error\" aria-hidden=\"true\"><\/div><div class=\"forminator-row\"><div id=\"name-1\" class=\"forminator-field-name forminator-col forminator-col-6 \"><div class=\"forminator-field\"><label for=\"forminator-field-name-1_69f27a8572c4f\" id=\"forminator-field-name-1_69f27a8572c4f-label\" class=\"forminator-label\">Name <span class=\"forminator-required\">*<\/span><\/label><input type=\"text\" name=\"name-1\" value=\"\" placeholder=\"z. B. Mustermann\" id=\"forminator-field-name-1_69f27a8572c4f\" class=\"forminator-input forminator-name--field\" aria-required=\"true\" autocomplete=\"name\" \/><\/div><\/div><div id=\"name-2\" class=\"forminator-field-name forminator-col forminator-col-6 \"><div class=\"forminator-field\"><label for=\"forminator-field-name-2_69f27a8572c4f\" id=\"forminator-field-name-2_69f27a8572c4f-label\" class=\"forminator-label\">Vorname <span class=\"forminator-required\">*<\/span><\/label><input type=\"text\" name=\"name-2\" value=\"\" placeholder=\"z. B. Max\" id=\"forminator-field-name-2_69f27a8572c4f\" class=\"forminator-input forminator-name--field\" aria-required=\"true\" autocomplete=\"name\" \/><\/div><\/div><\/div><div class=\"forminator-row\"><div id=\"address-1\" class=\"forminator-field-address forminator-col forminator-col-12 \"><div class=\"forminator-row\"><div id=\"address-1-street_address\" class=\"forminator-col\"><div class=\"forminator-field\"><label for=\"forminator-field-address-1-street_address_69f27a8572c4f\" id=\"forminator-field-address-1-street_address_69f27a8572c4f-label\" class=\"forminator-label\">Stra\u00dfe und Hausnummer <span class=\"forminator-required\">*<\/span><\/label><input type=\"text\" name=\"address-1-street_address\" placeholder=\"z. B. Hauptstra\u00dfe 123\" id=\"forminator-field-address-1-street_address_69f27a8572c4f\" class=\"forminator-input\" data-required=\"1\" aria-required=\"true\" autocomplete=\"address-line1\" value=\"\" \/><\/div><\/div><\/div><div class=\"forminator-row\" data-multiple=\"false\"><div id=\"address-1-city\" class=\"forminator-col forminator-col-12\"><div class=\"forminator-field\"><label for=\"forminator-field-address-1-city_69f27a8572c4f\" id=\"forminator-field-address-1-city_69f27a8572c4f-label\" class=\"forminator-label\">Stadt <span class=\"forminator-required\">*<\/span><\/label><input type=\"text\" name=\"address-1-city\" placeholder=\"z. B. Bern\" id=\"forminator-field-address-1-city_69f27a8572c4f\" class=\"forminator-input\" data-required=\"1\" aria-required=\"true\" autocomplete=\"address-level2\" value=\"\" \/><\/div><\/div><\/div><\/div><\/div><div class=\"forminator-row\"><div id=\"email-1\" class=\"forminator-field-email forminator-col forminator-col-6 \"><div class=\"forminator-field\"><label for=\"forminator-field-email-1_69f27a8572c4f\" id=\"forminator-field-email-1_69f27a8572c4f-label\" class=\"forminator-label\">E-Mail-Adresse<\/label><input type=\"email\" name=\"email-1\" value=\"\" placeholder=\"z. B. max@mustermann.de\" id=\"forminator-field-email-1_69f27a8572c4f\" class=\"forminator-input forminator-email--field\" data-required=\"\" aria-required=\"false\" autocomplete=\"email\" \/><\/div><\/div><div id=\"phone-1\" class=\"forminator-field-phone forminator-col forminator-col-6 \"><div class=\"forminator-field\"><label for=\"forminator-field-phone-1_69f27a8572c4f\" id=\"forminator-field-phone-1_69f27a8572c4f-label\" class=\"forminator-label\">Telefon<\/label><input type=\"text\" name=\"phone-1\" value=\"\" placeholder=\"z.\u00a0B.: +41 00 123 4567 89\" id=\"forminator-field-phone-1_69f27a8572c4f\" class=\"forminator-input forminator-field--phone\" data-required=\"\" aria-required=\"false\" autocomplete=\"off\" \/><\/div><\/div><\/div><div class=\"forminator-row\"><div id=\"name-3\" class=\"forminator-field-name forminator-col forminator-col-6 \"><div class=\"forminator-field\"><label for=\"forminator-field-name-3_69f27a8572c4f\" id=\"forminator-field-name-3_69f27a8572c4f-label\" class=\"forminator-label\">Arbeitgeber \/ Dienststelle<\/label><input type=\"text\" name=\"name-3\" value=\"\" placeholder=\"z. B. GS VBS\" id=\"forminator-field-name-3_69f27a8572c4f\" class=\"forminator-input forminator-name--field\" aria-required=\"false\" autocomplete=\"name\" \/><\/div><\/div><div id=\"text-1\" class=\"forminator-field-text forminator-col forminator-col-6 \"><div class=\"forminator-field\"><label for=\"forminator-field-text-1_69f27a8572c4f\" id=\"forminator-field-text-1_69f27a8572c4f-label\" class=\"forminator-label\">Motorrad Marke und Modell<\/label><input type=\"text\" name=\"text-1\" value=\"\" placeholder=\"z. B. BMW, Harley-Davidson, Indian o.\u00e4.\" id=\"forminator-field-text-1_69f27a8572c4f\" class=\"forminator-input forminator-name--field\" data-required=\"\" \/><\/div><\/div><\/div><div class=\"forminator-row\"><div id=\"text-2\" class=\"forminator-field-text forminator-col forminator-col-6 \"><div class=\"forminator-field\"><label for=\"forminator-field-text-2_69f27a8572c4f\" id=\"forminator-field-text-2_69f27a8572c4f-label\" class=\"forminator-label\">Kennzeichen<\/label><input type=\"text\" name=\"text-2\" value=\"\" placeholder=\"z. B. BE 123 456\" id=\"forminator-field-text-2_69f27a8572c4f\" class=\"forminator-input forminator-name--field\" data-required=\"\" \/><\/div><\/div><div id=\"text-3\" class=\"forminator-field-text forminator-col forminator-col-6 \"><div class=\"forminator-field\"><label for=\"forminator-field-text-3_69f27a8572c4f\" id=\"forminator-field-text-3_69f27a8572c4f-label\" class=\"forminator-label\">F\u00fchrerausweis Nr.<\/label><input type=\"text\" name=\"text-3\" value=\"\" placeholder=\"z. B. Textplatzhalter\" id=\"forminator-field-text-3_69f27a8572c4f\" class=\"forminator-input forminator-name--field\" data-required=\"\" aria-describedby=\"forminator-field-text-3_69f27a8572c4f-description\" \/><span id=\"forminator-field-text-3_69f27a8572c4f-description\" class=\"forminator-description\">Wird jeweils f\u00fcr das Fahrtraining ben\u00f6tigt)<\/span><\/div><\/div><\/div><div class=\"forminator-row\"><div id=\"textarea-1\" class=\"forminator-field-textarea forminator-col forminator-col-12 \"><div class=\"forminator-field\"><label for=\"forminator-field-textarea-1_69f27a8572c4f\" id=\"forminator-field-textarea-1_69f27a8572c4f-label\" class=\"forminator-label\">Kommentar<\/label><textarea name=\"textarea-1\" placeholder=\"Kommentar \/ Bemerkungen \/ Anregungen\" id=\"forminator-field-textarea-1_69f27a8572c4f\" class=\"forminator-textarea\" rows=\"6\" style=\"--forminator-textarea-min-height:140px;\" ><\/textarea><\/div><\/div><\/div><div class=\"forminator-row\"><div id=\"captcha-1\" class=\"forminator-field-captcha forminator-col forminator-col-12 \"><div class=\"forminator-captcha-left forminator-g-recaptcha\" data-theme=\"light\"  data-sitekey=\"6LeQFxsrAAAAAMpOpihEQeIFSAOdvInmYAz8movu\" data-size=\"normal\"><\/div> <\/div><\/div><input type=\"hidden\" name=\"referer_url\" value=\"\" \/><div class=\"forminator-row forminator-row-last\"><div class=\"forminator-col\"><div class=\"forminator-field\"><button class=\"forminator-button forminator-button-submit\">Beitrittsgesuch absenden<\/button><\/div><\/div><\/div><input type=\"hidden\" id=\"forminator_nonce\" name=\"forminator_nonce\" value=\"950f1f86de\" \/><input type=\"hidden\" name=\"_wp_http_referer\" value=\"\/index.php?rest_route=%2Fwp%2Fv2%2Fpages%2F432\" \/><input type=\"hidden\" name=\"form_id\" value=\"6789\"><input type=\"hidden\" name=\"page_id\" value=\"432\"><input type=\"hidden\" name=\"form_type\" value=\"default\"><input type=\"hidden\" name=\"current_url\" value=\"https:\/\/pentagon-riders.ch\/?page_id=432\"><input type=\"hidden\" name=\"render_id\" value=\"0\"><input type=\"hidden\" name=\"action\" value=\"forminator_submit_form_custom-forms\"><\/form>\t\t\t\t<\/div>\n\t\t\t\t<\/div>\n\t\t\t\t\t<\/div>\n\t\t<\/div>\n\t\t\t\t\t<\/div>\n\t\t<\/section>\n\t\t\t\t<\/div>\n\t\t","protected":false},"excerpt":{"rendered":"<p>Ich m\u00f6chte gerne den Pentagon Riders beitreten und habe die Bedingungen zu Mitgliedschaft und Beitritt im Kodex gelesen und verstanden. Ein Bild von mir und meiner Maschine (im Format .jpg und in der Gr\u00f6sse min. 1024&#215;786 px bei einer Aufl\u00f6sung von 72 ppi) werde ich so bald als m\u00f6glich an die Adresse info@pentagon-riders.ch senden.<\/p>\n","protected":false},"author":1,"featured_media":0,"parent":0,"menu_order":0,"comment_status":"closed","ping_status":"closed","template":"","meta":{"ocean_post_layout":"full-width","ocean_both_sidebars_style":"","ocean_both_sidebars_content_width":0,"ocean_both_sidebars_sidebars_width":0,"ocean_sidebar":"0","ocean_second_sidebar":"0","ocean_disable_margins":"enable","ocean_add_body_class":"","ocean_shortcode_before_top_bar":"","ocean_shortcode_after_top_bar":"","ocean_shortcode_before_header":"","ocean_shortcode_after_header":"","ocean_has_shortcode":"","ocean_shortcode_after_title":"","ocean_shortcode_before_footer_widgets":"","ocean_shortcode_after_footer_widgets":"","ocean_shortcode_before_footer_bottom":"","ocean_shortcode_after_footer_bottom":"","ocean_display_top_bar":"default","ocean_display_header":"default","ocean_header_style":"","ocean_center_header_left_menu":"0","ocean_custom_header_template":"0","ocean_custom_logo":0,"ocean_custom_retina_logo":0,"ocean_custom_logo_max_width":0,"ocean_custom_logo_tablet_max_width":0,"ocean_custom_logo_mobile_max_width":0,"ocean_custom_logo_max_height":0,"ocean_custom_logo_tablet_max_height":0,"ocean_custom_logo_mobile_max_height":0,"ocean_header_custom_menu":"0","ocean_menu_typo_font_family":"0","ocean_menu_typo_font_subset":"","ocean_menu_typo_font_size":0,"ocean_menu_typo_font_size_tablet":0,"ocean_menu_typo_font_size_mobile":0,"ocean_menu_typo_font_size_unit":"px","ocean_menu_typo_font_weight":"","ocean_menu_typo_font_weight_tablet":"","ocean_menu_typo_font_weight_mobile":"","ocean_menu_typo_transform":"","ocean_menu_typo_transform_tablet":"","ocean_menu_typo_transform_mobile":"","ocean_menu_typo_line_height":0,"ocean_menu_typo_line_height_tablet":0,"ocean_menu_typo_line_height_mobile":0,"ocean_menu_typo_line_height_unit":"","ocean_menu_typo_spacing":0,"ocean_menu_typo_spacing_tablet":0,"ocean_menu_typo_spacing_mobile":0,"ocean_menu_typo_spacing_unit":"","ocean_menu_link_color":"","ocean_menu_link_color_hover":"","ocean_menu_link_color_active":"","ocean_menu_link_background":"","ocean_menu_link_hover_background":"","ocean_menu_link_active_background":"","ocean_menu_social_links_bg":"","ocean_menu_social_hover_links_bg":"","ocean_menu_social_links_color":"","ocean_menu_social_hover_links_color":"","ocean_disable_title":"default","ocean_disable_heading":"default","ocean_post_title":"","ocean_post_subheading":"","ocean_post_title_style":"default","ocean_post_title_background_color":"","ocean_post_title_background":0,"ocean_post_title_bg_image_position":"","ocean_post_title_bg_image_attachment":"","ocean_post_title_bg_image_repeat":"","ocean_post_title_bg_image_size":"","ocean_post_title_height":0,"ocean_post_title_bg_overlay":0.5,"ocean_post_title_bg_overlay_color":"","ocean_disable_breadcrumbs":"off","ocean_breadcrumbs_color":"","ocean_breadcrumbs_separator_color":"","ocean_breadcrumbs_links_color":"","ocean_breadcrumbs_links_hover_color":"","ocean_display_footer_widgets":"default","ocean_display_footer_bottom":"default","ocean_custom_footer_template":"0","footnotes":"","_links_to":"","_links_to_target":""},"class_list":["post-432","page","type-page","status-publish","hentry","entry"],"publishpress_future_action":{"enabled":false,"date":"2026-05-06 23:39:17","action":"change-status","newStatus":"draft","terms":[],"taxonomy":"","extraData":[]},"publishpress_future_workflow_manual_trigger":{"enabledWorkflows":[]},"_links":{"self":[{"href":"https:\/\/pentagon-riders.ch\/index.php?rest_route=\/wp\/v2\/pages\/432","targetHints":{"allow":["GET"]}}],"collection":[{"href":"https:\/\/pentagon-riders.ch\/index.php?rest_route=\/wp\/v2\/pages"}],"about":[{"href":"https:\/\/pentagon-riders.ch\/index.php?rest_route=\/wp\/v2\/types\/page"}],"author":[{"embeddable":true,"href":"https:\/\/pentagon-riders.ch\/index.php?rest_route=\/wp\/v2\/users\/1"}],"replies":[{"embeddable":true,"href":"https:\/\/pentagon-riders.ch\/index.php?rest_route=%2Fwp%2Fv2%2Fcomments&post=432"}],"version-history":[{"count":21,"href":"https:\/\/pentagon-riders.ch\/index.php?rest_route=\/wp\/v2\/pages\/432\/revisions"}],"predecessor-version":[{"id":8347,"href":"https:\/\/pentagon-riders.ch\/index.php?rest_route=\/wp\/v2\/pages\/432\/revisions\/8347"}],"wp:attachment":[{"href":"https:\/\/pentagon-riders.ch\/index.php?rest_route=%2Fwp%2Fv2%2Fmedia&parent=432"}],"curies":[{"name":"wp","href":"https:\/\/api.w.org\/{rel}","templated":true}]}}